{"id":36,"date":"2025-03-07T18:41:17","date_gmt":"2025-03-07T18:41:17","guid":{"rendered":"https:\/\/www.t3sla.pe\/?page_id=36"},"modified":"2025-05-12T14:01:59","modified_gmt":"2025-05-12T14:01:59","slug":"contactenos","status":"publish","type":"page","link":"https:\/\/www.t3sla.pe\/?page_id=36","title":{"rendered":"Cont\u00e1ctenos"},"content":{"rendered":"\n<div class=\"wp-block-cover alignfull\"><span aria-hidden=\"true\" class=\"wp-block-cover__background has-background-dim\"><\/span><img loading=\"lazy\" decoding=\"async\" width=\"790\" height=\"420\" class=\"wp-block-cover__image-background wp-image-266\" alt=\"\" src=\"https:\/\/www.t3sla.pe\/wp-content\/uploads\/2025\/03\/Contactenos.jpg\" data-object-fit=\"cover\" srcset=\"https:\/\/www.t3sla.pe\/wp-content\/uploads\/2025\/03\/Contactenos.jpg 790w, https:\/\/www.t3sla.pe\/wp-content\/uploads\/2025\/03\/Contactenos-300x159.jpg 300w, https:\/\/www.t3sla.pe\/wp-content\/uploads\/2025\/03\/Contactenos-768x408.jpg 768w\" sizes=\"auto, (max-width: 790px) 100vw, 790px\" \/><div class=\"wp-block-cover__inner-container is-layout-flow wp-block-cover-is-layout-flow\">\n<p class=\"has-text-align-center has-larger-font-size\"><strong>CONT\u00c1CTENOS<\/strong><\/p>\n<\/div><\/div>\n\n\n\n<p class=\"has-large-font-size\"><strong>Podemos ofrecerte la mejor soluci\u00f3n, solo escr\u00edbenos:<\/strong><\/p>\n\n\n\n<p><strong>Correo electr\u00f3nico:<\/strong> ventas@t3sla.pe<\/p>\n\n\n\n<p><strong>Quejas o reclamos:<\/strong> reclamos@t3sla.pe<\/p>\n\n\n\n<p><strong>Horarios de atenci\u00f3n:<\/strong> Lunes a viernes de 08:00 a 18:00 horas &#8211; S\u00e1bados de 08:00 a 13:00 horas.<\/p>\n","protected":false},"excerpt":{"rendered":"<p>Podemos ofrecerte la mejor soluci\u00f3n, solo escr\u00edbenos: Correo electr\u00f3nico: ventas@t3sla.pe Quejas o reclamos: reclamos@t3sla.pe Horarios de atenci\u00f3n: Lunes a viernes de 08:00 a 18:00 horas &#8211; S\u00e1bados de 08:00 a 13:00 horas.<\/p>\n","protected":false},"author":1,"featured_media":0,"parent":0,"menu_order":0,"comment_status":"closed","ping_status":"closed","template":"","meta":{"_kad_post_transparent":"","_kad_post_title":"hide","_kad_post_layout":"","_kad_post_sidebar_id":"","_kad_post_content_style":"","_kad_post_vertical_padding":"hide","_kad_post_feature":"","_kad_post_feature_position":"","_kad_post_header":false,"_kad_post_footer":false,"_kad_post_classname":"","footnotes":""},"class_list":["post-36","page","type-page","status-publish","hentry"],"_links":{"self":[{"href":"https:\/\/www.t3sla.pe\/index.php?rest_route=\/wp\/v2\/pages\/36","targetHints":{"allow":["GET"]}}],"collection":[{"href":"https:\/\/www.t3sla.pe\/index.php?rest_route=\/wp\/v2\/pages"}],"about":[{"href":"https:\/\/www.t3sla.pe\/index.php?rest_route=\/wp\/v2\/types\/page"}],"author":[{"embeddable":true,"href":"https:\/\/www.t3sla.pe\/index.php?rest_route=\/wp\/v2\/users\/1"}],"replies":[{"embeddable":true,"href":"https:\/\/www.t3sla.pe\/index.php?rest_route=%2Fwp%2Fv2%2Fcomments&post=36"}],"version-history":[{"count":8,"href":"https:\/\/www.t3sla.pe\/index.php?rest_route=\/wp\/v2\/pages\/36\/revisions"}],"predecessor-version":[{"id":284,"href":"https:\/\/www.t3sla.pe\/index.php?rest_route=\/wp\/v2\/pages\/36\/revisions\/284"}],"wp:attachment":[{"href":"https:\/\/www.t3sla.pe\/index.php?rest_route=%2Fwp%2Fv2%2Fmedia&parent=36"}],"curies":[{"name":"wp","href":"https:\/\/api.w.org\/{rel}","templated":true}]}}