{"id":29,"date":"2025-03-07T18:32:44","date_gmt":"2025-03-07T18:32:44","guid":{"rendered":"https:\/\/www.t3sla.pe\/?page_id=29"},"modified":"2025-03-28T23:44:04","modified_gmt":"2025-03-28T23:44:04","slug":"servicios","status":"publish","type":"page","link":"https:\/\/www.t3sla.pe\/?page_id=29","title":{"rendered":"Servicios"},"content":{"rendered":"\n<div class=\"wp-block-cover alignfull\"><span aria-hidden=\"true\" class=\"wp-block-cover__background has-background-dim\"><\/span><img loading=\"lazy\" decoding=\"async\" width=\"1024\" height=\"398\" class=\"wp-block-cover__image-background wp-image-157\" alt=\"\" src=\"https:\/\/www.t3sla.pe\/wp-content\/uploads\/2025\/03\/scadacontrolroom.jpg\" data-object-fit=\"cover\" srcset=\"https:\/\/www.t3sla.pe\/wp-content\/uploads\/2025\/03\/scadacontrolroom.jpg 1024w, https:\/\/www.t3sla.pe\/wp-content\/uploads\/2025\/03\/scadacontrolroom-300x117.jpg 300w, https:\/\/www.t3sla.pe\/wp-content\/uploads\/2025\/03\/scadacontrolroom-768x299.jpg 768w\" sizes=\"auto, (max-width: 1024px) 100vw, 1024px\" \/><div class=\"wp-block-cover__inner-container is-layout-flow wp-block-cover-is-layout-flow\">\n<p class=\"has-text-align-center has-larger-font-size\"><strong>SERVICIOS<\/strong><\/p>\n<\/div><\/div>\n\n\n\n<div style=\"height:60px\" aria-hidden=\"true\" class=\"wp-block-spacer\"><\/div>\n\n\n\n<div class=\"wp-block-columns is-layout-flex wp-container-core-columns-is-layout-1 wp-block-columns-is-layout-flex\">\n<div class=\"wp-block-column is-layout-flow wp-block-column-is-layout-flow\">\n<div class=\"wp-block-media-text is-stacked-on-mobile\"><figure class=\"wp-block-media-text__media\"><img loading=\"lazy\" decoding=\"async\" width=\"1024\" height=\"683\" src=\"https:\/\/www.t3sla.pe\/wp-content\/uploads\/2025\/03\/scada-1024x683.jpeg\" alt=\"\" class=\"wp-image-80 size-full\" srcset=\"https:\/\/www.t3sla.pe\/wp-content\/uploads\/2025\/03\/scada-1024x683.jpeg 1024w, https:\/\/www.t3sla.pe\/wp-content\/uploads\/2025\/03\/scada-300x200.jpeg 300w, https:\/\/www.t3sla.pe\/wp-content\/uploads\/2025\/03\/scada-768x512.jpeg 768w, https:\/\/www.t3sla.pe\/wp-content\/uploads\/2025\/03\/scada.jpeg 1536w\" sizes=\"auto, (max-width: 1024px) 100vw, 1024px\" \/><\/figure><div class=\"wp-block-media-text__content\">\n<p>Integraci\u00f3n de plataformas como\u00a0Siemens, Rockwell, ABB y Yokogawa.<\/p>\n<\/div><\/div>\n<\/div>\n\n\n\n<div class=\"wp-block-column is-layout-flow wp-block-column-is-layout-flow\">\n<div class=\"wp-block-media-text is-stacked-on-mobile\"><figure class=\"wp-block-media-text__media\"><img loading=\"lazy\" decoding=\"async\" width=\"381\" height=\"257\" src=\"https:\/\/www.t3sla.pe\/wp-content\/uploads\/2025\/03\/fluke.png\" alt=\"\" class=\"wp-image-165 size-full\" srcset=\"https:\/\/www.t3sla.pe\/wp-content\/uploads\/2025\/03\/fluke.png 381w, https:\/\/www.t3sla.pe\/wp-content\/uploads\/2025\/03\/fluke-300x202.png 300w\" sizes=\"auto, (max-width: 381px) 100vw, 381px\" \/><\/figure><div class=\"wp-block-media-text__content\">\n<p>Configuraci\u00f3n y PEM de instrumentos de campo y valvulas de control.<\/p>\n<\/div><\/div>\n<\/div>\n\n\n\n<div class=\"wp-block-column is-layout-flow wp-block-column-is-layout-flow\">\n<div class=\"wp-block-media-text is-stacked-on-mobile\"><figure class=\"wp-block-media-text__media\"><img loading=\"lazy\" decoding=\"async\" width=\"271\" height=\"200\" src=\"https:\/\/www.t3sla.pe\/wp-content\/uploads\/2025\/03\/servicios-1.jpg\" alt=\"\" class=\"wp-image-166 size-full\"\/><\/figure><div class=\"wp-block-media-text__content\">\n<p>Fabricaci\u00f3n de tableros de control y el\u00e9ctricos.<\/p>\n<\/div><\/div>\n<\/div>\n<\/div>\n\n\n\n<div class=\"wp-block-columns is-layout-flex wp-container-core-columns-is-layout-2 wp-block-columns-is-layout-flex\">\n<div class=\"wp-block-column is-layout-flow wp-block-column-is-layout-flow\">\n<div class=\"wp-block-media-text is-stacked-on-mobile\"><figure class=\"wp-block-media-text__media\"><img loading=\"lazy\" decoding=\"async\" width=\"426\" height=\"315\" src=\"https:\/\/www.t3sla.pe\/wp-content\/uploads\/2025\/03\/Calibracion.png\" alt=\"\" class=\"wp-image-167 size-full\" srcset=\"https:\/\/www.t3sla.pe\/wp-content\/uploads\/2025\/03\/Calibracion.png 426w, https:\/\/www.t3sla.pe\/wp-content\/uploads\/2025\/03\/Calibracion-300x222.png 300w\" sizes=\"auto, (max-width: 426px) 100vw, 426px\" \/><\/figure><div class=\"wp-block-media-text__content\">\n<p>Calibraci\u00f3n de instrumentos de caudal, presi\u00f3n y temperatura.<\/p>\n<\/div><\/div>\n<\/div>\n\n\n\n<div class=\"wp-block-column is-layout-flow wp-block-column-is-layout-flow\">\n<div class=\"wp-block-media-text is-stacked-on-mobile\"><figure class=\"wp-block-media-text__media\"><img loading=\"lazy\" decoding=\"async\" width=\"491\" height=\"253\" src=\"https:\/\/www.t3sla.pe\/wp-content\/uploads\/2025\/03\/Pid.png\" alt=\"\" class=\"wp-image-169 size-full\" srcset=\"https:\/\/www.t3sla.pe\/wp-content\/uploads\/2025\/03\/Pid.png 491w, https:\/\/www.t3sla.pe\/wp-content\/uploads\/2025\/03\/Pid-300x155.png 300w\" sizes=\"auto, (max-width: 491px) 100vw, 491px\" \/><\/figure><div class=\"wp-block-media-text__content\">\n<p>Proyectos de Automatizaci\u00f3n de procesos para la Industria.<\/p>\n<\/div><\/div>\n<\/div>\n\n\n\n<div class=\"wp-block-column is-layout-flow wp-block-column-is-layout-flow\">\n<div class=\"wp-block-media-text is-stacked-on-mobile\"><figure class=\"wp-block-media-text__media\"><img loading=\"lazy\" decoding=\"async\" width=\"507\" height=\"374\" src=\"https:\/\/www.t3sla.pe\/wp-content\/uploads\/2025\/03\/telemetria.png\" alt=\"\" class=\"wp-image-170 size-full\" srcset=\"https:\/\/www.t3sla.pe\/wp-content\/uploads\/2025\/03\/telemetria.png 507w, https:\/\/www.t3sla.pe\/wp-content\/uploads\/2025\/03\/telemetria-300x221.png 300w\" sizes=\"auto, (max-width: 507px) 100vw, 507px\" \/><\/figure><div class=\"wp-block-media-text__content\">\n<p>Proyectos de Telemetr\u00eda.<\/p>\n<\/div><\/div>\n<\/div>\n<\/div>\n\n\n\n<p><\/p>\n","protected":false},"excerpt":{"rendered":"<p>Integraci\u00f3n de plataformas como\u00a0Siemens, Rockwell, ABB y Yokogawa. Configuraci\u00f3n y PEM de instrumentos de campo y valvulas de control. Fabricaci\u00f3n de tableros de control y el\u00e9ctricos. Calibraci\u00f3n de instrumentos de caudal, presi\u00f3n y temperatura. Proyectos de Automatizaci\u00f3n de procesos para la Industria. Proyectos de Telemetr\u00eda.<\/p>\n","protected":false},"author":1,"featured_media":0,"parent":0,"menu_order":0,"comment_status":"closed","ping_status":"closed","template":"","meta":{"_kad_post_transparent":"default","_kad_post_title":"hide","_kad_post_layout":"","_kad_post_sidebar_id":"","_kad_post_content_style":"","_kad_post_vertical_padding":"hide","_kad_post_feature":"","_kad_post_feature_position":"","_kad_post_header":false,"_kad_post_footer":false,"_kad_post_classname":"","footnotes":""},"class_list":["post-29","page","type-page","status-publish","hentry"],"_links":{"self":[{"href":"https:\/\/www.t3sla.pe\/index.php?rest_route=\/wp\/v2\/pages\/29","targetHints":{"allow":["GET"]}}],"collection":[{"href":"https:\/\/www.t3sla.pe\/index.php?rest_route=\/wp\/v2\/pages"}],"about":[{"href":"https:\/\/www.t3sla.pe\/index.php?rest_route=\/wp\/v2\/types\/page"}],"author":[{"embeddable":true,"href":"https:\/\/www.t3sla.pe\/index.php?rest_route=\/wp\/v2\/users\/1"}],"replies":[{"embeddable":true,"href":"https:\/\/www.t3sla.pe\/index.php?rest_route=%2Fwp%2Fv2%2Fcomments&post=29"}],"version-history":[{"count":11,"href":"https:\/\/www.t3sla.pe\/index.php?rest_route=\/wp\/v2\/pages\/29\/revisions"}],"predecessor-version":[{"id":173,"href":"https:\/\/www.t3sla.pe\/index.php?rest_route=\/wp\/v2\/pages\/29\/revisions\/173"}],"wp:attachment":[{"href":"https:\/\/www.t3sla.pe\/index.php?rest_route=%2Fwp%2Fv2%2Fmedia&parent=29"}],"curies":[{"name":"wp","href":"https:\/\/api.w.org\/{rel}","templated":true}]}}