{"id":26,"date":"2025-03-07T18:31:53","date_gmt":"2025-03-07T18:31:53","guid":{"rendered":"https:\/\/www.t3sla.pe\/?page_id=26"},"modified":"2025-03-28T23:42:52","modified_gmt":"2025-03-28T23:42:52","slug":"productos","status":"publish","type":"page","link":"https:\/\/www.t3sla.pe\/?page_id=26","title":{"rendered":"Productos"},"content":{"rendered":"\n<div class=\"wp-block-cover alignfull\"><span aria-hidden=\"true\" class=\"wp-block-cover__background has-background-dim\"><\/span><img loading=\"lazy\" decoding=\"async\" width=\"1024\" height=\"421\" class=\"wp-block-cover__image-background wp-image-175\" alt=\"\" src=\"https:\/\/www.t3sla.pe\/wp-content\/uploads\/2025\/03\/productos-1024x421.png\" data-object-fit=\"cover\" srcset=\"https:\/\/www.t3sla.pe\/wp-content\/uploads\/2025\/03\/productos-1024x421.png 1024w, https:\/\/www.t3sla.pe\/wp-content\/uploads\/2025\/03\/productos-300x123.png 300w, https:\/\/www.t3sla.pe\/wp-content\/uploads\/2025\/03\/productos-768x315.png 768w, https:\/\/www.t3sla.pe\/wp-content\/uploads\/2025\/03\/productos.png 1351w\" sizes=\"auto, (max-width: 1024px) 100vw, 1024px\" \/><div class=\"wp-block-cover__inner-container is-layout-flow wp-block-cover-is-layout-flow\">\n<p class=\"has-text-align-center has-larger-font-size\"><strong>PRODUCTOS Y SOLUCIONES<\/strong><\/p>\n<\/div><\/div>\n\n\n\n<div class=\"wp-block-media-text is-stacked-on-mobile\" style=\"grid-template-columns:30% auto\"><figure class=\"wp-block-media-text__media\"><img loading=\"lazy\" decoding=\"async\" width=\"700\" height=\"495\" src=\"https:\/\/www.t3sla.pe\/wp-content\/uploads\/2025\/03\/scada-2.jpg\" alt=\"\" class=\"wp-image-190 size-full\" srcset=\"https:\/\/www.t3sla.pe\/wp-content\/uploads\/2025\/03\/scada-2.jpg 700w, https:\/\/www.t3sla.pe\/wp-content\/uploads\/2025\/03\/scada-2-300x212.jpg 300w\" sizes=\"auto, (max-width: 700px) 100vw, 700px\" \/><\/figure><div class=\"wp-block-media-text__content\">\n<p><strong>SISTEMAS SCADA<\/strong><\/p>\n\n\n\n<p>Suministramos Sistemas de Supervisi\u00f3n, Control y Adquisici\u00f3n de Datos (SCADA), de nueva generaci\u00f3n. La automatizaci\u00f3n de procesos industriales con el sistema SCADA Web de\u00a0atvise\u00ae\u00a0permite maximizar el rendimiento de una planta industrial, aumentando la productividad, eficiencia, calidad y rentabilidad.<\/p>\n<\/div><\/div>\n\n\n\n<div style=\"height:50px\" aria-hidden=\"true\" class=\"wp-block-spacer\"><\/div>\n\n\n\n<div class=\"wp-block-media-text has-media-on-the-right is-stacked-on-mobile\" style=\"grid-template-columns:auto 30%\"><div class=\"wp-block-media-text__content\">\n<p><strong>CONTROLADORES PLC<\/strong><\/p>\n\n\n\n<p>Suministramos Controladores l\u00f3gicos programables (PLC), escalables, modulares I\/O, modulos de comunicaci\u00f3n de diversos protocolos de comunicaci\u00f3n: HART, Profibus, Profinet, Modbus, APL y OPC.<\/p>\n\n\n\n<ul class=\"wp-block-list\">\n<li>Controladores PLC para el control de procesos para aplicaciones peque\u00f1as, medianas y gran escala.<\/li>\n\n\n\n<li>Controladores PLC para aplicaciones de seguridad SIS y control cr\u00edtico con certificaciones SIL 3.<\/li>\n<\/ul>\n<\/div><figure class=\"wp-block-media-text__media\"><img loading=\"lazy\" decoding=\"async\" width=\"466\" height=\"376\" src=\"https:\/\/www.t3sla.pe\/wp-content\/uploads\/2025\/03\/plc-2.png\" alt=\"\" class=\"wp-image-215 size-full\" srcset=\"https:\/\/www.t3sla.pe\/wp-content\/uploads\/2025\/03\/plc-2.png 466w, https:\/\/www.t3sla.pe\/wp-content\/uploads\/2025\/03\/plc-2-300x242.png 300w\" sizes=\"auto, (max-width: 466px) 100vw, 466px\" \/><\/figure><\/div>\n\n\n\n<div style=\"height:50px\" aria-hidden=\"true\" class=\"wp-block-spacer\"><\/div>\n\n\n\n<div class=\"wp-block-media-text is-stacked-on-mobile\" style=\"grid-template-columns:30% auto\"><figure class=\"wp-block-media-text__media\"><img loading=\"lazy\" decoding=\"async\" width=\"290\" height=\"170\" src=\"https:\/\/www.t3sla.pe\/wp-content\/uploads\/2025\/03\/hmi.png\" alt=\"\" class=\"wp-image-220 size-full\"\/><\/figure><div class=\"wp-block-media-text__content\">\n<p><strong>PANELES HMI<\/strong><\/p>\n\n\n\n<p>Ofrecemos una gama completa de productos de interfaz hombre-m\u00e1quina (HMI) dise\u00f1ados para diversas industrias. Nuestras soluciones de HMI est\u00e1n disponibles en tama\u00f1os de 4,3&#8243; a 22&#8243; y vienen en dos tipos de pantallas t\u00e1ctiles: resistiva y capacitiva. Adem\u00e1s, ofrecemos soluciones de HMI para IoT y Web HMI para clientes con necesidades de conectividad a internet.<\/p>\n<\/div><\/div>\n\n\n\n<div style=\"height:50px\" aria-hidden=\"true\" class=\"wp-block-spacer\"><\/div>\n\n\n\n<div class=\"wp-block-media-text has-media-on-the-right is-stacked-on-mobile\" style=\"grid-template-columns:auto 40%\"><div class=\"wp-block-media-text__content\">\n<p><strong>INSTRUMENTOS DE CAMPO<\/strong><\/p>\n\n\n\n<p>Instrumentos de campo de marcas reconocidas con comunicaci\u00f3n como HART, Profibus, Modbus y APL. Certificaciones para \u00e1reas clasificadas y  SIL para aplicaciones de SIS.<\/p>\n\n\n\n<ul class=\"wp-block-list\">\n<li><strong>Medici\u00f3n de presi\u00f3n<\/strong>: Transmisores de presi\u00f3n manom\u00e9trica diferencial, multivariable, con sellos integrales y remotos.<\/li>\n\n\n\n<li><strong>Medici\u00f3n de Caudal<\/strong>: Medidores electrom\u00e1gneticos, vortex, coriolis y turbina y rot\u00e1metros.<\/li>\n\n\n\n<li><strong>Medici\u00f3n de temperatura<\/strong>: Sensores tipo RTD, TC, mV con termopozo.<\/li>\n\n\n\n<li><strong>Medici\u00f3n de nivel<\/strong>: Tipo Radar, Ultras\u00f3nico y Hidrost\u00e1ticos.<\/li>\n<\/ul>\n<\/div><figure class=\"wp-block-media-text__media\"><img loading=\"lazy\" decoding=\"async\" width=\"937\" height=\"826\" src=\"https:\/\/www.t3sla.pe\/wp-content\/uploads\/2025\/03\/Instrumentos2.png\" alt=\"\" class=\"wp-image-239 size-full\" srcset=\"https:\/\/www.t3sla.pe\/wp-content\/uploads\/2025\/03\/Instrumentos2.png 937w, https:\/\/www.t3sla.pe\/wp-content\/uploads\/2025\/03\/Instrumentos2-300x264.png 300w, https:\/\/www.t3sla.pe\/wp-content\/uploads\/2025\/03\/Instrumentos2-768x677.png 768w\" sizes=\"auto, (max-width: 937px) 100vw, 937px\" \/><\/figure><\/div>\n\n\n\n<div style=\"height:50px\" aria-hidden=\"true\" class=\"wp-block-spacer\"><\/div>\n\n\n\n<div class=\"wp-block-media-text is-stacked-on-mobile\" style=\"grid-template-columns:30% auto\"><figure class=\"wp-block-media-text__media\"><img loading=\"lazy\" decoding=\"async\" width=\"498\" height=\"404\" src=\"https:\/\/www.t3sla.pe\/wp-content\/uploads\/2025\/03\/Valvulas.png\" alt=\"\" class=\"wp-image-242 size-full\" srcset=\"https:\/\/www.t3sla.pe\/wp-content\/uploads\/2025\/03\/Valvulas.png 498w, https:\/\/www.t3sla.pe\/wp-content\/uploads\/2025\/03\/Valvulas-300x243.png 300w\" sizes=\"auto, (max-width: 498px) 100vw, 498px\" \/><\/figure><div class=\"wp-block-media-text__content\">\n<p><strong>V\u00c1LVULAS<\/strong><\/p>\n\n\n\n<p>Ofrecemos v\u00e1lvulas de control con actuadores neum\u00e1ticos y el\u00e9ctricos para industrias como Gas, Petroleo, Energ\u00eda, Alimentos y Papel.<\/p>\n\n\n\n<ul class=\"wp-block-list\">\n<li>V\u00e1lvulas de control proporcional con actuador neum\u00e1ticos y el\u00e9ctricos.<\/li>\n\n\n\n<li>V\u00e1lvulas de control ON\/OFF con actuador neum\u00e1ticos y el\u00e9ctricos.<\/li>\n\n\n\n<li>Posicionadores con comunicaci\u00f3n HART.<\/li>\n\n\n\n<li>Conversores I\/P y finales de carrera.<\/li>\n<\/ul>\n<\/div><\/div>\n\n\n\n<div style=\"height:50px\" aria-hidden=\"true\" class=\"wp-block-spacer\"><\/div>\n\n\n\n<div class=\"wp-block-media-text has-media-on-the-right is-stacked-on-mobile\" style=\"grid-template-columns:auto 30%\"><div class=\"wp-block-media-text__content\">\n<p><strong>COMUNICACIONES<\/strong><\/p>\n\n\n\n<p>Brindamos diversas soluciones en comunicaciones y aplicaciones de telemetr\u00eda. <\/p>\n\n\n\n<ul class=\"wp-block-list\">\n<li>Switches industriales administrables y no administrables de grado industrial.<\/li>\n\n\n\n<li>Router industriales para aplicaciones de telemetr\u00eda.<\/li>\n\n\n\n<li>Gateways que soportan protocolos de comunicaci\u00f3n: HART, Modbus, Profibus y FF.<\/li>\n<\/ul>\n<\/div><figure class=\"wp-block-media-text__media\"><img loading=\"lazy\" decoding=\"async\" width=\"669\" height=\"411\" src=\"https:\/\/www.t3sla.pe\/wp-content\/uploads\/2025\/03\/switch-1.png\" alt=\"\" class=\"wp-image-250 size-full\" srcset=\"https:\/\/www.t3sla.pe\/wp-content\/uploads\/2025\/03\/switch-1.png 669w, https:\/\/www.t3sla.pe\/wp-content\/uploads\/2025\/03\/switch-1-300x184.png 300w\" sizes=\"auto, (max-width: 669px) 100vw, 669px\" \/><\/figure><\/div>\n","protected":false},"excerpt":{"rendered":"<p>SISTEMAS SCADA Suministramos Sistemas de Supervisi\u00f3n, Control y Adquisici\u00f3n de Datos (SCADA), de nueva generaci\u00f3n. La automatizaci\u00f3n de procesos industriales con el sistema SCADA Web de\u00a0atvise\u00ae\u00a0permite maximizar el rendimiento de una planta industrial, aumentando la productividad, eficiencia, calidad y rentabilidad. PANELES HMI Ofrecemos una gama completa de productos de interfaz hombre-m\u00e1quina (HMI) dise\u00f1ados para diversas&#8230;<\/p>\n","protected":false},"author":1,"featured_media":18,"parent":0,"menu_order":0,"comment_status":"closed","ping_status":"closed","template":"","meta":{"_kad_post_transparent":"default","_kad_post_title":"hide","_kad_post_layout":"","_kad_post_sidebar_id":"","_kad_post_content_style":"","_kad_post_vertical_padding":"hide","_kad_post_feature":"","_kad_post_feature_position":"","_kad_post_header":false,"_kad_post_footer":false,"_kad_post_classname":"","footnotes":""},"class_list":["post-26","page","type-page","status-publish","has-post-thumbnail","hentry"],"_links":{"self":[{"href":"https:\/\/www.t3sla.pe\/index.php?rest_route=\/wp\/v2\/pages\/26","targetHints":{"allow":["GET"]}}],"collection":[{"href":"https:\/\/www.t3sla.pe\/index.php?rest_route=\/wp\/v2\/pages"}],"about":[{"href":"https:\/\/www.t3sla.pe\/index.php?rest_route=\/wp\/v2\/types\/page"}],"author":[{"embeddable":true,"href":"https:\/\/www.t3sla.pe\/index.php?rest_route=\/wp\/v2\/users\/1"}],"replies":[{"embeddable":true,"href":"https:\/\/www.t3sla.pe\/index.php?rest_route=%2Fwp%2Fv2%2Fcomments&post=26"}],"version-history":[{"count":55,"href":"https:\/\/www.t3sla.pe\/index.php?rest_route=\/wp\/v2\/pages\/26\/revisions"}],"predecessor-version":[{"id":251,"href":"https:\/\/www.t3sla.pe\/index.php?rest_route=\/wp\/v2\/pages\/26\/revisions\/251"}],"wp:featuredmedia":[{"embeddable":true,"href":"https:\/\/www.t3sla.pe\/index.php?rest_route=\/wp\/v2\/media\/18"}],"wp:attachment":[{"href":"https:\/\/www.t3sla.pe\/index.php?rest_route=%2Fwp%2Fv2%2Fmedia&parent=26"}],"curies":[{"name":"wp","href":"https:\/\/api.w.org\/{rel}","templated":true}]}}