{"id":14,"date":"2025-03-06T19:43:20","date_gmt":"2025-03-06T19:43:20","guid":{"rendered":"https:\/\/www.t3sla.pe\/?page_id=14"},"modified":"2025-03-28T22:23:09","modified_gmt":"2025-03-28T22:23:09","slug":"t3sla-s-a-c","status":"publish","type":"page","link":"https:\/\/www.t3sla.pe\/","title":{"rendered":"Inicio"},"content":{"rendered":"\n<div class=\"wp-block-cover alignfull\"><span aria-hidden=\"true\" class=\"wp-block-cover__background has-background-dim\"><\/span><img loading=\"lazy\" decoding=\"async\" width=\"1024\" height=\"512\" class=\"wp-block-cover__image-background wp-image-50\" alt=\"\" src=\"https:\/\/www.t3sla.pe\/wp-content\/uploads\/2025\/03\/Control-1024x512.jpeg\" data-object-fit=\"cover\" srcset=\"https:\/\/www.t3sla.pe\/wp-content\/uploads\/2025\/03\/Control-1024x512.jpeg 1024w, https:\/\/www.t3sla.pe\/wp-content\/uploads\/2025\/03\/Control-300x150.jpeg 300w, https:\/\/www.t3sla.pe\/wp-content\/uploads\/2025\/03\/Control-768x384.jpeg 768w, https:\/\/www.t3sla.pe\/wp-content\/uploads\/2025\/03\/Control-1536x768.jpeg 1536w, https:\/\/www.t3sla.pe\/wp-content\/uploads\/2025\/03\/Control.jpeg 2000w\" sizes=\"auto, (max-width: 1024px) 100vw, 1024px\" \/><div class=\"wp-block-cover__inner-container is-layout-flow wp-block-cover-is-layout-flow\">\n<p class=\"has-text-align-center has-large-font-size\"><strong>SOLUCIONES EN AUTOMATIZACION Y CONTROL DE PROCESOS<\/strong><\/p>\n<\/div><\/div>\n\n\n\n<div style=\"height:50px\" aria-hidden=\"true\" class=\"wp-block-spacer\"><\/div>\n\n\n\n<div class=\"wp-block-columns alignfull is-style-default is-layout-flex wp-container-core-columns-is-layout-1 wp-block-columns-is-layout-flex\">\n<div class=\"wp-block-column is-vertically-aligned-top is-layout-flow wp-block-column-is-layout-flow\" style=\"flex-basis:100%\">\n<p class=\"has-text-align-center has-medium-font-size\"><strong>MARCAS DISTRIBUIDAS<\/strong><\/p>\n<\/div>\n<\/div>\n\n\n\n<div class=\"wp-block-columns is-layout-flex wp-container-core-columns-is-layout-2 wp-block-columns-is-layout-flex\">\n<div class=\"wp-block-column is-layout-flow wp-block-column-is-layout-flow\">\n<figure class=\"wp-block-image size-large\"><img loading=\"lazy\" decoding=\"async\" width=\"1024\" height=\"247\" src=\"https:\/\/www.t3sla.pe\/wp-content\/uploads\/2025\/03\/siemens-logo-1536x512-3-1024x247.png\" alt=\"\" class=\"wp-image-92\" srcset=\"https:\/\/www.t3sla.pe\/wp-content\/uploads\/2025\/03\/siemens-logo-1536x512-3-1024x247.png 1024w, https:\/\/www.t3sla.pe\/wp-content\/uploads\/2025\/03\/siemens-logo-1536x512-3-300x72.png 300w, https:\/\/www.t3sla.pe\/wp-content\/uploads\/2025\/03\/siemens-logo-1536x512-3-768x185.png 768w, https:\/\/www.t3sla.pe\/wp-content\/uploads\/2025\/03\/siemens-logo-1536x512-3.png 1536w\" sizes=\"auto, (max-width: 1024px) 100vw, 1024px\" \/><\/figure>\n<\/div>\n\n\n\n<div class=\"wp-block-column is-layout-flow wp-block-column-is-layout-flow\">\n<figure class=\"wp-block-image size-full is-resized\"><img loading=\"lazy\" decoding=\"async\" width=\"226\" height=\"41\" src=\"https:\/\/www.t3sla.pe\/wp-content\/uploads\/2025\/03\/Microsensor1-7.png\" alt=\"\" class=\"wp-image-97\" style=\"width:237px;height:auto\"\/><\/figure>\n<\/div>\n\n\n\n<div class=\"wp-block-column is-layout-flow wp-block-column-is-layout-flow\">\n<figure class=\"wp-block-image size-full\"><img loading=\"lazy\" decoding=\"async\" width=\"583\" height=\"128\" src=\"https:\/\/www.t3sla.pe\/wp-content\/uploads\/2025\/03\/Flexem.png\" alt=\"\" class=\"wp-image-98\" srcset=\"https:\/\/www.t3sla.pe\/wp-content\/uploads\/2025\/03\/Flexem.png 583w, https:\/\/www.t3sla.pe\/wp-content\/uploads\/2025\/03\/Flexem-300x66.png 300w\" sizes=\"auto, (max-width: 583px) 100vw, 583px\" \/><\/figure>\n<\/div>\n\n\n\n<div class=\"wp-block-column is-layout-flow wp-block-column-is-layout-flow\">\n<figure class=\"wp-block-image size-full\"><img loading=\"lazy\" decoding=\"async\" width=\"245\" height=\"73\" src=\"https:\/\/www.t3sla.pe\/wp-content\/uploads\/2025\/03\/atvise-1.png\" alt=\"\" class=\"wp-image-102\"\/><\/figure>\n<\/div>\n<\/div>\n\n\n\n<div style=\"margin-top:0;margin-bottom:0;height:50px\" aria-hidden=\"true\" class=\"wp-block-spacer\"><\/div>\n\n\n\n<div class=\"wp-block-columns is-layout-flex wp-container-core-columns-is-layout-3 wp-block-columns-is-layout-flex\">\n<div class=\"wp-block-column is-layout-flow wp-block-column-is-layout-flow\">\n<div class=\"wp-block-media-text is-stacked-on-mobile\"><figure class=\"wp-block-media-text__media\"><a href=\"https:\/\/www.t3sla.pe\/?page_id=26\" rel=\"productos\"><img loading=\"lazy\" decoding=\"async\" width=\"863\" height=\"640\" src=\"https:\/\/www.t3sla.pe\/wp-content\/uploads\/2025\/03\/TX-supcon.png\" alt=\"\" class=\"wp-image-78 size-full\" srcset=\"https:\/\/www.t3sla.pe\/wp-content\/uploads\/2025\/03\/TX-supcon.png 863w, https:\/\/www.t3sla.pe\/wp-content\/uploads\/2025\/03\/TX-supcon-300x222.png 300w, https:\/\/www.t3sla.pe\/wp-content\/uploads\/2025\/03\/TX-supcon-768x570.png 768w\" sizes=\"auto, (max-width: 863px) 100vw, 863px\" \/><\/a><\/figure><div class=\"wp-block-media-text__content\">\n<p>Suministramos Scada, PLC, HMI, sensores y v\u00e1lvulas de control.<\/p>\n<\/div><\/div>\n<\/div>\n\n\n\n<div class=\"wp-block-column is-layout-flow wp-block-column-is-layout-flow\">\n<div class=\"wp-block-media-text is-stacked-on-mobile\"><figure class=\"wp-block-media-text__media\"><a href=\"https:\/\/www.t3sla.pe\/?page_id=29\"><img loading=\"lazy\" decoding=\"async\" width=\"1024\" height=\"683\" src=\"https:\/\/www.t3sla.pe\/wp-content\/uploads\/2025\/03\/scada-1024x683.jpeg\" alt=\"\" class=\"wp-image-80 size-full\" srcset=\"https:\/\/www.t3sla.pe\/wp-content\/uploads\/2025\/03\/scada-1024x683.jpeg 1024w, https:\/\/www.t3sla.pe\/wp-content\/uploads\/2025\/03\/scada-300x200.jpeg 300w, https:\/\/www.t3sla.pe\/wp-content\/uploads\/2025\/03\/scada-768x512.jpeg 768w, https:\/\/www.t3sla.pe\/wp-content\/uploads\/2025\/03\/scada.jpeg 1536w\" sizes=\"auto, (max-width: 1024px) 100vw, 1024px\" \/><\/a><\/figure><div class=\"wp-block-media-text__content\">\n<p>Brindamos servicios integraci\u00f3n y proyectos de automatizaci\u00f3n<\/p>\n<\/div><\/div>\n<\/div>\n\n\n\n<div class=\"wp-block-column is-layout-flow wp-block-column-is-layout-flow\">\n<div class=\"wp-block-media-text is-stacked-on-mobile\"><figure class=\"wp-block-media-text__media\"><a href=\"https:\/\/www.t3sla.pe\/?page_id=29\"><img loading=\"lazy\" decoding=\"async\" width=\"271\" height=\"200\" src=\"https:\/\/www.t3sla.pe\/wp-content\/uploads\/2025\/03\/servicios.jpg\" alt=\"\" class=\"wp-image-81 size-full\"\/><\/a><\/figure><div class=\"wp-block-media-text__content\">\n<p>Ejecuci\u00f3n de proyectos de Ingenier\u00eda.<\/p>\n<\/div><\/div>\n<\/div>\n<\/div>\n\n\n\n<div style=\"height:50px\" aria-hidden=\"true\" class=\"wp-block-spacer\"><\/div>\n\n\n\n<div class=\"wp-block-media-text is-stacked-on-mobile\" style=\"grid-template-columns:31% auto\"><figure class=\"wp-block-media-text__media\"><img loading=\"lazy\" decoding=\"async\" width=\"1024\" height=\"683\" src=\"https:\/\/www.t3sla.pe\/wp-content\/uploads\/2025\/03\/lovepik-engineers-work-with-computers-picture_501223769-1024x683.jpg\" alt=\"\" class=\"wp-image-69 size-full\"\/><\/figure><div class=\"wp-block-media-text__content\">\n<p class=\"has-text-align-left\"><strong>QUIENES SOMOS<\/strong><\/p>\n\n\n\n<p style=\"line-height:1.3\">T3SLA SAC es una empresa conformada por personal calificado con&nbsp;amplia experiencia en el mercado. Brindamos soluciones en automatizaci\u00f3n y control de procesos para la industria, suministrando productos, desarrollo de proyectos y servicios.<br>Trabajamos con marcas reconocidas como Siemens, Allen Bradley, MicroSensor y Ebro, en las l\u00edneas de Instrumentaci\u00f3n. Nos enfocamos en industrias como Petroleo, Gas, Mineria, Siderurgica, Alimentos entre otros.<\/p>\n<\/div><\/div>\n\n\n\n<div style=\"height:50px\" aria-hidden=\"true\" class=\"wp-block-spacer\"><\/div>\n\n\n\n<div class=\"wp-block-media-text has-media-on-the-right is-stacked-on-mobile\" style=\"grid-template-columns:auto 31%\"><div class=\"wp-block-media-text__content\">\n<p><strong>MISION<\/strong><\/p>\n\n\n\n<p>Brindar asesor\u00eda, dise\u00f1o, implementaci\u00f3n y montaje de proyectos de automatizaci\u00f3n en diferentes industrias como gas, petroleo, energ\u00eda y agua; proporcionando respuestas honestas que permitan a nuestros clientes una garant\u00eda de eficiencia, calidad y seguridad en el desarrollo de sus labores.<\/p>\n<\/div><figure class=\"wp-block-media-text__media\"><img loading=\"lazy\" decoding=\"async\" width=\"300\" height=\"205\" src=\"https:\/\/www.t3sla.pe\/wp-content\/uploads\/2025\/03\/tecnico-it-300x205-1.jpg\" alt=\"\" class=\"wp-image-253 size-full\"\/><\/figure><\/div>\n\n\n\n<div style=\"height:50px\" aria-hidden=\"true\" class=\"wp-block-spacer\"><\/div>\n\n\n\n<div class=\"wp-block-media-text is-stacked-on-mobile\" style=\"grid-template-columns:31% auto\"><figure class=\"wp-block-media-text__media\"><img loading=\"lazy\" decoding=\"async\" width=\"629\" height=\"472\" src=\"https:\/\/www.t3sla.pe\/wp-content\/uploads\/2025\/03\/vision.png\" alt=\"\" class=\"wp-image-255 size-full\" srcset=\"https:\/\/www.t3sla.pe\/wp-content\/uploads\/2025\/03\/vision.png 629w, https:\/\/www.t3sla.pe\/wp-content\/uploads\/2025\/03\/vision-300x225.png 300w\" sizes=\"auto, (max-width: 629px) 100vw, 629px\" \/><\/figure><div class=\"wp-block-media-text__content\">\n<p><strong>VISION<\/strong><\/p>\n\n\n\n<p>Nuestra visi\u00f3n es brindar soluciones \u00f3ptimas en las \u00e1reas de Automatizaci\u00f3n de Procesos e Inform\u00e1tica, contribuyendo en el crecimiento de la Industria Nacional. Ofrecer productos y servicios con altos est\u00e1ndares de calidad que&nbsp; satisfagan las necesidades&nbsp; de nuestros clientes.<\/p>\n<\/div><\/div>\n\n\n\n<div style=\"height:50px\" aria-hidden=\"true\" class=\"wp-block-spacer\"><\/div>\n\n\n\n<p class=\"has-text-align-center\"><strong>ALGUNOS DE NUESTROS CLIENTES:<\/strong><\/p>\n\n\n\n<div class=\"wp-block-columns is-layout-flex wp-container-core-columns-is-layout-4 wp-block-columns-is-layout-flex\">\n<div class=\"wp-block-column is-layout-flow wp-block-column-is-layout-flow\">\n<figure class=\"wp-block-image size-full is-resized\"><img loading=\"lazy\" decoding=\"async\" width=\"194\" height=\"197\" src=\"https:\/\/www.t3sla.pe\/wp-content\/uploads\/2025\/03\/petro-1.png\" alt=\"\" class=\"wp-image-154\" style=\"width:178px;height:auto\"\/><\/figure>\n<\/div>\n\n\n\n<div class=\"wp-block-column is-layout-flow wp-block-column-is-layout-flow\">\n<figure class=\"wp-block-image size-full is-resized\"><img loading=\"lazy\" decoding=\"async\" width=\"359\" height=\"270\" src=\"https:\/\/www.t3sla.pe\/wp-content\/uploads\/2025\/03\/Siderperu-1.png\" alt=\"\" class=\"wp-image-149\" style=\"width:208px;height:auto\" srcset=\"https:\/\/www.t3sla.pe\/wp-content\/uploads\/2025\/03\/Siderperu-1.png 359w, https:\/\/www.t3sla.pe\/wp-content\/uploads\/2025\/03\/Siderperu-1-300x226.png 300w\" sizes=\"auto, (max-width: 359px) 100vw, 359px\" \/><\/figure>\n<\/div>\n\n\n\n<div class=\"wp-block-column is-layout-flow wp-block-column-is-layout-flow\">\n<figure class=\"wp-block-image size-full is-resized\"><img loading=\"lazy\" decoding=\"async\" width=\"229\" height=\"213\" src=\"https:\/\/www.t3sla.pe\/wp-content\/uploads\/2025\/03\/Danper.png\" alt=\"\" class=\"wp-image-150\" style=\"width:197px;height:auto\"\/><\/figure>\n<\/div>\n\n\n\n<div class=\"wp-block-column is-layout-flow wp-block-column-is-layout-flow\">\n<figure class=\"wp-block-image size-full is-resized\"><img loading=\"lazy\" decoding=\"async\" width=\"261\" height=\"175\" src=\"https:\/\/www.t3sla.pe\/wp-content\/uploads\/2025\/03\/Primax.png\" alt=\"\" class=\"wp-image-152\" style=\"width:203px;height:auto\"\/><\/figure>\n<\/div>\n<\/div>\n\n\n\n<p><\/p>\n","protected":false},"excerpt":{"rendered":"<p>MARCAS DISTRIBUIDAS Suministramos Scada, PLC, HMI, sensores y v\u00e1lvulas de control. Brindamos servicios integraci\u00f3n y proyectos de automatizaci\u00f3n Ejecuci\u00f3n de proyectos de Ingenier\u00eda. QUIENES SOMOS T3SLA SAC es una empresa conformada por personal calificado con&nbsp;amplia experiencia en el mercado. Brindamos soluciones en automatizaci\u00f3n y control de procesos para la industria, suministrando productos, desarrollo de proyectos&#8230;<\/p>\n","protected":false},"author":1,"featured_media":0,"parent":0,"menu_order":0,"comment_status":"closed","ping_status":"closed","template":"","meta":{"_kad_post_transparent":"default","_kad_post_title":"hide","_kad_post_layout":"default","_kad_post_sidebar_id":"","_kad_post_content_style":"default","_kad_post_vertical_padding":"hide","_kad_post_feature":"","_kad_post_feature_position":"","_kad_post_header":false,"_kad_post_footer":false,"_kad_post_classname":"","footnotes":""},"class_list":["post-14","page","type-page","status-publish","hentry"],"_links":{"self":[{"href":"https:\/\/www.t3sla.pe\/index.php?rest_route=\/wp\/v2\/pages\/14","targetHints":{"allow":["GET"]}}],"collection":[{"href":"https:\/\/www.t3sla.pe\/index.php?rest_route=\/wp\/v2\/pages"}],"about":[{"href":"https:\/\/www.t3sla.pe\/index.php?rest_route=\/wp\/v2\/types\/page"}],"author":[{"embeddable":true,"href":"https:\/\/www.t3sla.pe\/index.php?rest_route=\/wp\/v2\/users\/1"}],"replies":[{"embeddable":true,"href":"https:\/\/www.t3sla.pe\/index.php?rest_route=%2Fwp%2Fv2%2Fcomments&post=14"}],"version-history":[{"count":60,"href":"https:\/\/www.t3sla.pe\/index.php?rest_route=\/wp\/v2\/pages\/14\/revisions"}],"predecessor-version":[{"id":265,"href":"https:\/\/www.t3sla.pe\/index.php?rest_route=\/wp\/v2\/pages\/14\/revisions\/265"}],"wp:attachment":[{"href":"https:\/\/www.t3sla.pe\/index.php?rest_route=%2Fwp%2Fv2%2Fmedia&parent=14"}],"curies":[{"name":"wp","href":"https:\/\/api.w.org\/{rel}","templated":true}]}}